{"id":11424,"date":"2024-01-23T22:03:52","date_gmt":"2024-01-23T21:03:52","guid":{"rendered":"https:\/\/princecharger.com\/product\/elf-evolution-700-sti-10w-40-5-liter\/"},"modified":"2024-09-16T10:22:19","modified_gmt":"2024-09-16T08:22:19","slug":"elf-evolution-700-sti-10w-40-5-liter","status":"publish","type":"product","link":"https:\/\/princecharger.com\/sv\/elverk\/tillbehor\/elf-evolution-700-sti-10w-40-5-liter\/","title":{"rendered":"Elf Evolution 700 STI 10W-40 (5 liter)"},"content":{"rendered":"","protected":false},"excerpt":{"rendered":"<p>Elf Evolution 700 sti-olja. Denna avancerade olja \u00e4r baserad p\u00e5 ELF&#8217;s &#8221;Syntetiska teknologi&#8221;, vilket s\u00e4kerst\u00e4ller optimal h\u00e5llbarhet och sm\u00f6rjning \u00e4ven under l\u00e5ngvarig anv\u00e4ndning.<\/p>\n<p>Elf Evolution 700 sti-olja \u00e4r skapad med fokus p\u00e5 renhet och hj\u00e4lper till att h\u00e5lla motorn ren. Detta bidrar till att f\u00f6rhindra uppbyggnad av sot och andra skadliga avlagringar. Genom att v\u00e4lja v\u00e5r olja investerar du inte bara i en effektiv sm\u00f6rjl\u00f6sning, utan \u00e4ven i f\u00f6rl\u00e4ngd livsl\u00e4ngd och prestanda f\u00f6r din generator.<\/p>\n","protected":false},"featured_media":11494,"template":"","meta":[],"product_brand":[],"product_cat":[111],"product_tag":[],"class_list":{"0":"post-11424","1":"product","2":"type-product","3":"status-publish","4":"has-post-thumbnail","6":"product_cat-tillbehor","7":"description-off","9":"first","10":"instock","11":"taxable","12":"shipping-taxable","13":"purchasable","14":"product-type-simple"},"yoast_head":"<!-- This site is optimized with the Yoast SEO plugin v27.6 - https:\/\/yoast.com\/product\/yoast-seo-wordpress\/ -->\n<title>Elf Evolution 700 | Avancerad syntetisk sm\u00f6rjning f\u00f6r generatorer<\/title>\n<meta name=\"description\" content=\"Elf Evolution 700 sti-olja \u00e4r en avancerad sm\u00f6rjl\u00f6sning baserad p\u00e5 &quot;Syntetiska teknologi&quot; f\u00f6r att s\u00e4kerst\u00e4lla optimal h\u00e5llbarhet.\" \/>\n<meta name=\"robots\" content=\"index, follow, max-snippet:-1, max-image-preview:large, max-video-preview:-1\" \/>\n<link rel=\"canonical\" href=\"https:\/\/princecharger.com\/sv\/elverk\/tillbehor\/elf-evolution-700-sti-10w-40-5-liter\/\" \/>\n<meta property=\"og:locale\" content=\"sv_SE\" \/>\n<meta property=\"og:type\" content=\"article\" \/>\n<meta property=\"og:title\" content=\"Elf Evolution 700 | Avancerad syntetisk sm\u00f6rjning f\u00f6r generatorer\" \/>\n<meta property=\"og:description\" content=\"Elf Evolution 700 sti-olja \u00e4r en avancerad sm\u00f6rjl\u00f6sning baserad p\u00e5 &quot;Syntetiska teknologi&quot; f\u00f6r att s\u00e4kerst\u00e4lla optimal h\u00e5llbarhet.\" \/>\n<meta property=\"og:url\" content=\"https:\/\/princecharger.com\/sv\/elverk\/tillbehor\/elf-evolution-700-sti-10w-40-5-liter\/\" \/>\n<meta property=\"og:site_name\" content=\"PrinceCharger\" \/>\n<meta property=\"article:publisher\" content=\"https:\/\/www.facebook.com\/ChargeEverywhere\" \/>\n<meta property=\"article:modified_time\" content=\"2024-09-16T08:22:19+00:00\" \/>\n<meta property=\"og:image\" content=\"https:\/\/princecharger.com\/wp-content\/uploads\/elf-evolution-700sti-10w-40-5-liter.jpg\" \/>\n\t<meta property=\"og:image:width\" content=\"500\" \/>\n\t<meta property=\"og:image:height\" content=\"500\" \/>\n\t<meta property=\"og:image:type\" content=\"image\/jpeg\" \/>\n<meta name=\"twitter:card\" content=\"summary_large_image\" \/>\n<meta name=\"twitter:label1\" content=\"Ber\u00e4knad l\u00e4stid\" \/>\n\t<meta name=\"twitter:data1\" content=\"1 minut\" \/>\n<script type=\"application\/ld+json\" class=\"yoast-schema-graph\">{\"@context\":\"https:\\\/\\\/schema.org\",\"@graph\":[{\"@type\":\"WebPage\",\"@id\":\"https:\\\/\\\/princecharger.com\\\/sv\\\/elverk\\\/tillbehor\\\/elf-evolution-700-sti-10w-40-5-liter\\\/\",\"url\":\"https:\\\/\\\/princecharger.com\\\/sv\\\/elverk\\\/tillbehor\\\/elf-evolution-700-sti-10w-40-5-liter\\\/\",\"name\":\"Elf Evolution 700 | Avancerad syntetisk sm\u00f6rjning f\u00f6r generatorer\",\"isPartOf\":{\"@id\":\"https:\\\/\\\/princecharger.com\\\/sv\\\/#website\"},\"primaryImageOfPage\":{\"@id\":\"https:\\\/\\\/princecharger.com\\\/sv\\\/elverk\\\/tillbehor\\\/elf-evolution-700-sti-10w-40-5-liter\\\/#primaryimage\"},\"image\":{\"@id\":\"https:\\\/\\\/princecharger.com\\\/sv\\\/elverk\\\/tillbehor\\\/elf-evolution-700-sti-10w-40-5-liter\\\/#primaryimage\"},\"thumbnailUrl\":\"https:\\\/\\\/princecharger.com\\\/wp-content\\\/uploads\\\/elf-evolution-700sti-10w-40-5-liter.jpg\",\"datePublished\":\"2024-01-23T21:03:52+00:00\",\"dateModified\":\"2024-09-16T08:22:19+00:00\",\"description\":\"Elf Evolution 700 sti-olja \u00e4r en avancerad sm\u00f6rjl\u00f6sning baserad p\u00e5 \\\"Syntetiska teknologi\\\" f\u00f6r att s\u00e4kerst\u00e4lla optimal h\u00e5llbarhet.\",\"breadcrumb\":{\"@id\":\"https:\\\/\\\/princecharger.com\\\/sv\\\/elverk\\\/tillbehor\\\/elf-evolution-700-sti-10w-40-5-liter\\\/#breadcrumb\"},\"inLanguage\":\"sv-SE\",\"potentialAction\":[{\"@type\":\"ReadAction\",\"target\":[\"https:\\\/\\\/princecharger.com\\\/sv\\\/elverk\\\/tillbehor\\\/elf-evolution-700-sti-10w-40-5-liter\\\/\"]}]},{\"@type\":\"ImageObject\",\"inLanguage\":\"sv-SE\",\"@id\":\"https:\\\/\\\/princecharger.com\\\/sv\\\/elverk\\\/tillbehor\\\/elf-evolution-700-sti-10w-40-5-liter\\\/#primaryimage\",\"url\":\"https:\\\/\\\/princecharger.com\\\/wp-content\\\/uploads\\\/elf-evolution-700sti-10w-40-5-liter.jpg\",\"contentUrl\":\"https:\\\/\\\/princecharger.com\\\/wp-content\\\/uploads\\\/elf-evolution-700sti-10w-40-5-liter.jpg\",\"width\":500,\"height\":500},{\"@type\":\"BreadcrumbList\",\"@id\":\"https:\\\/\\\/princecharger.com\\\/sv\\\/elverk\\\/tillbehor\\\/elf-evolution-700-sti-10w-40-5-liter\\\/#breadcrumb\",\"itemListElement\":[{\"@type\":\"ListItem\",\"position\":1,\"name\":\"Hjem\",\"item\":\"https:\\\/\\\/princecharger.com\\\/sv\\\/\"},{\"@type\":\"ListItem\",\"position\":2,\"name\":\"Butik\",\"item\":\"https:\\\/\\\/princecharger.com\\\/sv\\\/elverk\\\/\"},{\"@type\":\"ListItem\",\"position\":3,\"name\":\"Elf Evolution 700 STI 10W-40 (5 liter)\"}]},{\"@type\":\"WebSite\",\"@id\":\"https:\\\/\\\/princecharger.com\\\/sv\\\/#website\",\"url\":\"https:\\\/\\\/princecharger.com\\\/sv\\\/\",\"name\":\"PrinceCharger\",\"description\":\"\",\"publisher\":{\"@id\":\"https:\\\/\\\/princecharger.com\\\/sv\\\/#organization\"},\"potentialAction\":[{\"@type\":\"SearchAction\",\"target\":{\"@type\":\"EntryPoint\",\"urlTemplate\":\"https:\\\/\\\/princecharger.com\\\/sv\\\/?s={search_term_string}\"},\"query-input\":{\"@type\":\"PropertyValueSpecification\",\"valueRequired\":true,\"valueName\":\"search_term_string\"}}],\"inLanguage\":\"sv-SE\"},{\"@type\":\"Organization\",\"@id\":\"https:\\\/\\\/princecharger.com\\\/sv\\\/#organization\",\"name\":\"PrinceCharger\",\"url\":\"https:\\\/\\\/princecharger.com\\\/sv\\\/\",\"logo\":{\"@type\":\"ImageObject\",\"inLanguage\":\"sv-SE\",\"@id\":\"https:\\\/\\\/princecharger.com\\\/sv\\\/#\\\/schema\\\/logo\\\/image\\\/\",\"url\":\"https:\\\/\\\/princecharger.com\\\/wp-content\\\/uploads\\\/logo-square.png\",\"contentUrl\":\"https:\\\/\\\/princecharger.com\\\/wp-content\\\/uploads\\\/logo-square.png\",\"width\":1000,\"height\":1000,\"caption\":\"PrinceCharger\"},\"image\":{\"@id\":\"https:\\\/\\\/princecharger.com\\\/sv\\\/#\\\/schema\\\/logo\\\/image\\\/\"},\"sameAs\":[\"https:\\\/\\\/www.facebook.com\\\/ChargeEverywhere\"]}]}<\/script>\n<!-- \/ Yoast SEO plugin. -->","yoast_head_json":{"title":"Elf Evolution 700 | Avancerad syntetisk sm\u00f6rjning f\u00f6r generatorer","description":"Elf Evolution 700 sti-olja \u00e4r en avancerad sm\u00f6rjl\u00f6sning baserad p\u00e5 \"Syntetiska teknologi\" f\u00f6r att s\u00e4kerst\u00e4lla optimal h\u00e5llbarhet.","robots":{"index":"index","follow":"follow","max-snippet":"max-snippet:-1","max-image-preview":"max-image-preview:large","max-video-preview":"max-video-preview:-1"},"canonical":"https:\/\/princecharger.com\/sv\/elverk\/tillbehor\/elf-evolution-700-sti-10w-40-5-liter\/","og_locale":"sv_SE","og_type":"article","og_title":"Elf Evolution 700 | Avancerad syntetisk sm\u00f6rjning f\u00f6r generatorer","og_description":"Elf Evolution 700 sti-olja \u00e4r en avancerad sm\u00f6rjl\u00f6sning baserad p\u00e5 \"Syntetiska teknologi\" f\u00f6r att s\u00e4kerst\u00e4lla optimal h\u00e5llbarhet.","og_url":"https:\/\/princecharger.com\/sv\/elverk\/tillbehor\/elf-evolution-700-sti-10w-40-5-liter\/","og_site_name":"PrinceCharger","article_publisher":"https:\/\/www.facebook.com\/ChargeEverywhere","article_modified_time":"2024-09-16T08:22:19+00:00","og_image":[{"width":500,"height":500,"url":"https:\/\/princecharger.com\/wp-content\/uploads\/elf-evolution-700sti-10w-40-5-liter.jpg","type":"image\/jpeg"}],"twitter_card":"summary_large_image","twitter_misc":{"Ber\u00e4knad l\u00e4stid":"1 minut"},"schema":{"@context":"https:\/\/schema.org","@graph":[{"@type":"WebPage","@id":"https:\/\/princecharger.com\/sv\/elverk\/tillbehor\/elf-evolution-700-sti-10w-40-5-liter\/","url":"https:\/\/princecharger.com\/sv\/elverk\/tillbehor\/elf-evolution-700-sti-10w-40-5-liter\/","name":"Elf Evolution 700 | Avancerad syntetisk sm\u00f6rjning f\u00f6r generatorer","isPartOf":{"@id":"https:\/\/princecharger.com\/sv\/#website"},"primaryImageOfPage":{"@id":"https:\/\/princecharger.com\/sv\/elverk\/tillbehor\/elf-evolution-700-sti-10w-40-5-liter\/#primaryimage"},"image":{"@id":"https:\/\/princecharger.com\/sv\/elverk\/tillbehor\/elf-evolution-700-sti-10w-40-5-liter\/#primaryimage"},"thumbnailUrl":"https:\/\/princecharger.com\/wp-content\/uploads\/elf-evolution-700sti-10w-40-5-liter.jpg","datePublished":"2024-01-23T21:03:52+00:00","dateModified":"2024-09-16T08:22:19+00:00","description":"Elf Evolution 700 sti-olja \u00e4r en avancerad sm\u00f6rjl\u00f6sning baserad p\u00e5 \"Syntetiska teknologi\" f\u00f6r att s\u00e4kerst\u00e4lla optimal h\u00e5llbarhet.","breadcrumb":{"@id":"https:\/\/princecharger.com\/sv\/elverk\/tillbehor\/elf-evolution-700-sti-10w-40-5-liter\/#breadcrumb"},"inLanguage":"sv-SE","potentialAction":[{"@type":"ReadAction","target":["https:\/\/princecharger.com\/sv\/elverk\/tillbehor\/elf-evolution-700-sti-10w-40-5-liter\/"]}]},{"@type":"ImageObject","inLanguage":"sv-SE","@id":"https:\/\/princecharger.com\/sv\/elverk\/tillbehor\/elf-evolution-700-sti-10w-40-5-liter\/#primaryimage","url":"https:\/\/princecharger.com\/wp-content\/uploads\/elf-evolution-700sti-10w-40-5-liter.jpg","contentUrl":"https:\/\/princecharger.com\/wp-content\/uploads\/elf-evolution-700sti-10w-40-5-liter.jpg","width":500,"height":500},{"@type":"BreadcrumbList","@id":"https:\/\/princecharger.com\/sv\/elverk\/tillbehor\/elf-evolution-700-sti-10w-40-5-liter\/#breadcrumb","itemListElement":[{"@type":"ListItem","position":1,"name":"Hjem","item":"https:\/\/princecharger.com\/sv\/"},{"@type":"ListItem","position":2,"name":"Butik","item":"https:\/\/princecharger.com\/sv\/elverk\/"},{"@type":"ListItem","position":3,"name":"Elf Evolution 700 STI 10W-40 (5 liter)"}]},{"@type":"WebSite","@id":"https:\/\/princecharger.com\/sv\/#website","url":"https:\/\/princecharger.com\/sv\/","name":"PrinceCharger","description":"","publisher":{"@id":"https:\/\/princecharger.com\/sv\/#organization"},"potentialAction":[{"@type":"SearchAction","target":{"@type":"EntryPoint","urlTemplate":"https:\/\/princecharger.com\/sv\/?s={search_term_string}"},"query-input":{"@type":"PropertyValueSpecification","valueRequired":true,"valueName":"search_term_string"}}],"inLanguage":"sv-SE"},{"@type":"Organization","@id":"https:\/\/princecharger.com\/sv\/#organization","name":"PrinceCharger","url":"https:\/\/princecharger.com\/sv\/","logo":{"@type":"ImageObject","inLanguage":"sv-SE","@id":"https:\/\/princecharger.com\/sv\/#\/schema\/logo\/image\/","url":"https:\/\/princecharger.com\/wp-content\/uploads\/logo-square.png","contentUrl":"https:\/\/princecharger.com\/wp-content\/uploads\/logo-square.png","width":1000,"height":1000,"caption":"PrinceCharger"},"image":{"@id":"https:\/\/princecharger.com\/sv\/#\/schema\/logo\/image\/"},"sameAs":["https:\/\/www.facebook.com\/ChargeEverywhere"]}]}},"jetpack_sharing_enabled":true,"_links":{"self":[{"href":"https:\/\/princecharger.com\/sv\/wp-json\/wp\/v2\/product\/11424","targetHints":{"allow":["GET"]}}],"collection":[{"href":"https:\/\/princecharger.com\/sv\/wp-json\/wp\/v2\/product"}],"about":[{"href":"https:\/\/princecharger.com\/sv\/wp-json\/wp\/v2\/types\/product"}],"version-history":[{"count":0,"href":"https:\/\/princecharger.com\/sv\/wp-json\/wp\/v2\/product\/11424\/revisions"}],"wp:featuredmedia":[{"embeddable":true,"href":"https:\/\/princecharger.com\/sv\/wp-json\/wp\/v2\/media\/11494"}],"wp:attachment":[{"href":"https:\/\/princecharger.com\/sv\/wp-json\/wp\/v2\/media?parent=11424"}],"wp:term":[{"taxonomy":"product_brand","embeddable":true,"href":"https:\/\/princecharger.com\/sv\/wp-json\/wp\/v2\/product_brand?post=11424"},{"taxonomy":"product_cat","embeddable":true,"href":"https:\/\/princecharger.com\/sv\/wp-json\/wp\/v2\/product_cat?post=11424"},{"taxonomy":"product_tag","embeddable":true,"href":"https:\/\/princecharger.com\/sv\/wp-json\/wp\/v2\/product_tag?post=11424"}],"curies":[{"name":"wp","href":"https:\/\/api.w.org\/{rel}","templated":true}]}}